{"id":14,"date":"2020-01-02T16:12:09","date_gmt":"2020-01-02T19:12:09","guid":{"rendered":"http:\/\/nuevo.conservaspennisi.com.ar.php73-36.phx1-1.websitetestlink.com\/?page_id=14"},"modified":"2020-02-07T17:20:27","modified_gmt":"2020-02-07T20:20:27","slug":"nutricion","status":"publish","type":"page","link":"https:\/\/conservaspennisi.com.ar\/en\/nutricion\/","title":{"rendered":"NUTRITION"},"content":{"rendered":"","protected":false},"excerpt":{"rendered":"","protected":false},"author":1,"featured_media":0,"parent":0,"menu_order":0,"comment_status":"closed","ping_status":"closed","template":"","meta":{"footnotes":""},"class_list":["post-14","page","type-page","status-publish","hentry"],"yoast_head":"<!-- This site is optimized with the Yoast SEO plugin v27.4 - https:\/\/yoast.com\/product\/yoast-seo-wordpress\/ -->\n<title>NUTRICI\u00d3N - Conservas Pennisi | Calidad en At\u00fan y Productos del Mar<\/title>\n<meta name=\"robots\" content=\"index, follow, max-snippet:-1, max-image-preview:large, max-video-preview:-1\" \/>\n<link rel=\"canonical\" href=\"https:\/\/conservaspennisi.com.ar\/en\/nutricion\/\" \/>\n<meta property=\"og:locale\" content=\"en_US\" \/>\n<meta property=\"og:type\" content=\"article\" \/>\n<meta property=\"og:title\" content=\"NUTRICI\u00d3N - Conservas Pennisi | Calidad en At\u00fan y Productos del Mar\" \/>\n<meta property=\"og:url\" content=\"https:\/\/conservaspennisi.com.ar\/en\/nutricion\/\" \/>\n<meta property=\"og:site_name\" content=\"Conservas Pennisi | Calidad en At\u00fan y Productos del Mar\" \/>\n<meta property=\"article:modified_time\" content=\"2020-02-07T20:20:27+00:00\" \/>\n<meta name=\"twitter:card\" content=\"summary_large_image\" \/>\n<script type=\"application\/ld+json\" class=\"yoast-schema-graph\">{\"@context\":\"https:\\\/\\\/schema.org\",\"@graph\":[{\"@type\":\"WebPage\",\"@id\":\"https:\\\/\\\/conservaspennisi.com.ar\\\/nutricion\\\/\",\"url\":\"https:\\\/\\\/conservaspennisi.com.ar\\\/nutricion\\\/\",\"name\":\"NUTRICI\u00d3N - Conservas Pennisi | Calidad en At\u00fan y Productos del Mar\",\"isPartOf\":{\"@id\":\"https:\\\/\\\/conservaspennisi.com.ar\\\/#website\"},\"datePublished\":\"2020-01-02T19:12:09+00:00\",\"dateModified\":\"2020-02-07T20:20:27+00:00\",\"breadcrumb\":{\"@id\":\"https:\\\/\\\/conservaspennisi.com.ar\\\/nutricion\\\/#breadcrumb\"},\"inLanguage\":\"en-US\",\"potentialAction\":[{\"@type\":\"ReadAction\",\"target\":[\"https:\\\/\\\/conservaspennisi.com.ar\\\/nutricion\\\/\"]}]},{\"@type\":\"BreadcrumbList\",\"@id\":\"https:\\\/\\\/conservaspennisi.com.ar\\\/nutricion\\\/#breadcrumb\",\"itemListElement\":[{\"@type\":\"ListItem\",\"position\":1,\"name\":\"Portada\",\"item\":\"https:\\\/\\\/conservaspennisi.com.ar\\\/\"},{\"@type\":\"ListItem\",\"position\":2,\"name\":\"NUTRICI\u00d3N\"}]},{\"@type\":\"WebSite\",\"@id\":\"https:\\\/\\\/conservaspennisi.com.ar\\\/#website\",\"url\":\"https:\\\/\\\/conservaspennisi.com.ar\\\/\",\"name\":\"Conservas Pennisi | Calidad en At\u00fan y Productos del Mar\",\"description\":\"M\u00e1s de 60 a\u00f1os elaborando conservas de at\u00fan, caballa, sardinas y anchoas con calidad reconocida. Productos para mercado interno y externo.\",\"potentialAction\":[{\"@type\":\"SearchAction\",\"target\":{\"@type\":\"EntryPoint\",\"urlTemplate\":\"https:\\\/\\\/conservaspennisi.com.ar\\\/?s={search_term_string}\"},\"query-input\":{\"@type\":\"PropertyValueSpecification\",\"valueRequired\":true,\"valueName\":\"search_term_string\"}}],\"inLanguage\":\"en-US\"}]}<\/script>\n<!-- \/ Yoast SEO plugin. -->","yoast_head_json":{"title":"NUTRICI\u00d3N - Conservas Pennisi | Calidad en At\u00fan y Productos del Mar","robots":{"index":"index","follow":"follow","max-snippet":"max-snippet:-1","max-image-preview":"max-image-preview:large","max-video-preview":"max-video-preview:-1"},"canonical":"https:\/\/conservaspennisi.com.ar\/en\/nutricion\/","og_locale":"en_US","og_type":"article","og_title":"NUTRICI\u00d3N - Conservas Pennisi | Calidad en At\u00fan y Productos del Mar","og_url":"https:\/\/conservaspennisi.com.ar\/en\/nutricion\/","og_site_name":"Conservas Pennisi | Calidad en At\u00fan y Productos del Mar","article_modified_time":"2020-02-07T20:20:27+00:00","twitter_card":"summary_large_image","schema":{"@context":"https:\/\/schema.org","@graph":[{"@type":"WebPage","@id":"https:\/\/conservaspennisi.com.ar\/nutricion\/","url":"https:\/\/conservaspennisi.com.ar\/nutricion\/","name":"NUTRICI\u00d3N - Conservas Pennisi | Calidad en At\u00fan y Productos del Mar","isPartOf":{"@id":"https:\/\/conservaspennisi.com.ar\/#website"},"datePublished":"2020-01-02T19:12:09+00:00","dateModified":"2020-02-07T20:20:27+00:00","breadcrumb":{"@id":"https:\/\/conservaspennisi.com.ar\/nutricion\/#breadcrumb"},"inLanguage":"en-US","potentialAction":[{"@type":"ReadAction","target":["https:\/\/conservaspennisi.com.ar\/nutricion\/"]}]},{"@type":"BreadcrumbList","@id":"https:\/\/conservaspennisi.com.ar\/nutricion\/#breadcrumb","itemListElement":[{"@type":"ListItem","position":1,"name":"Portada","item":"https:\/\/conservaspennisi.com.ar\/"},{"@type":"ListItem","position":2,"name":"NUTRICI\u00d3N"}]},{"@type":"WebSite","@id":"https:\/\/conservaspennisi.com.ar\/#website","url":"https:\/\/conservaspennisi.com.ar\/","name":"Conservas Pennisi | Calidad en At\u00fan y Productos del Mar","description":"M\u00e1s de 60 a\u00f1os elaborando conservas de at\u00fan, caballa, sardinas y anchoas con calidad reconocida. Productos para mercado interno y externo.","potentialAction":[{"@type":"SearchAction","target":{"@type":"EntryPoint","urlTemplate":"https:\/\/conservaspennisi.com.ar\/?s={search_term_string}"},"query-input":{"@type":"PropertyValueSpecification","valueRequired":true,"valueName":"search_term_string"}}],"inLanguage":"en-US"}]}},"_links":{"self":[{"href":"https:\/\/conservaspennisi.com.ar\/en\/wp-json\/wp\/v2\/pages\/14","targetHints":{"allow":["GET"]}}],"collection":[{"href":"https:\/\/conservaspennisi.com.ar\/en\/wp-json\/wp\/v2\/pages"}],"about":[{"href":"https:\/\/conservaspennisi.com.ar\/en\/wp-json\/wp\/v2\/types\/page"}],"author":[{"embeddable":true,"href":"https:\/\/conservaspennisi.com.ar\/en\/wp-json\/wp\/v2\/users\/1"}],"replies":[{"embeddable":true,"href":"https:\/\/conservaspennisi.com.ar\/en\/wp-json\/wp\/v2\/comments?post=14"}],"version-history":[{"count":0,"href":"https:\/\/conservaspennisi.com.ar\/en\/wp-json\/wp\/v2\/pages\/14\/revisions"}],"wp:attachment":[{"href":"https:\/\/conservaspennisi.com.ar\/en\/wp-json\/wp\/v2\/media?parent=14"}],"curies":[{"name":"wp","href":"https:\/\/api.w.org\/{rel}","templated":true}]}}